{"id":621,"date":"2019-01-18T22:37:07","date_gmt":"2019-01-18T22:37:07","guid":{"rendered":"https:\/\/almudenabulani.com\/?page_id=621"},"modified":"2019-01-18T22:37:07","modified_gmt":"2019-01-18T22:37:07","slug":"wedding-paradise","status":"publish","type":"page","link":"https:\/\/almudenabulani.com\/en\/wedding-paradise\/","title":{"rendered":"Beach wedding - Anabel and David"},"content":{"rendered":"<h6 id=\"fancy-title-6\">ANABEL AND DAVID<\/h6>\n<h2>wedding in paradise<\/h2>\n<h6>San Jos\u00e9 (Almer\u00eda)<\/h6>\n<p>Photograph:\u00a0 <a href=\"http:\/\/www.eloymunoz.es\/\" target=\"_blank\" rel=\"noopener\">Eloy Mu\u00f1oz<\/a>\u00a0 \/\/ Video: <a href=\"http:\/\/www.mrphilm.com\/\" target=\"_blank\" rel=\"noopener\">Mr Philm<\/a>\u00a0 \/\/ Florist: <a href=\"http:\/\/www.carolinabouquet.com\/\" target=\"_blank\" rel=\"noopener\">Carolina Bouquet<\/a> \/\/ Catering: <a href=\"http:\/\/www.laborraja.com\/\" target=\"_blank\" rel=\"noopener\">Borage<\/a> \/\/ Cake: <a href=\"http:\/\/www.lussocake.com\/\" target=\"_blank\" rel=\"noopener\">Lussocake<\/a> \/\/<\/p>\n<p><a href=\"https:\/\/almudenabulani.com\/wp-content\/uploads\/2022\/01\/0145_di2a8335.jpg\" data-elementor-open-lightbox=\"yes\" data-elementor-lightbox-slideshow=\"all-3ac11a9e\" data-elementor-lightbox-title=\"0145_di2a8335\"><br \/>\n<\/a><br \/>\n<a href=\"https:\/\/almudenabulani.com\/wp-content\/uploads\/2022\/01\/0105_img_1374.jpg\" data-elementor-open-lightbox=\"yes\" data-elementor-lightbox-slideshow=\"all-3ac11a9e\" data-elementor-lightbox-title=\"0105_img_1374\"><br \/>\n<\/a><br \/>\n<a href=\"https:\/\/almudenabulani.com\/wp-content\/uploads\/2022\/01\/0376_di2a9119.jpg\" data-elementor-open-lightbox=\"yes\" data-elementor-lightbox-slideshow=\"all-3ac11a9e\" data-elementor-lightbox-title=\"0376_di2a9119\"><br \/>\n<\/a><br \/>\n<a href=\"https:\/\/almudenabulani.com\/wp-content\/uploads\/2022\/01\/0396_di2a9216.jpg\" data-elementor-open-lightbox=\"yes\" data-elementor-lightbox-slideshow=\"all-3ac11a9e\" data-elementor-lightbox-title=\"0396_di2a9216\"><br \/>\n<\/a><br \/>\n<a href=\"https:\/\/almudenabulani.com\/wp-content\/uploads\/2022\/01\/0177_di2a8520.jpg\" data-elementor-open-lightbox=\"yes\" data-elementor-lightbox-slideshow=\"all-3ac11a9e\" data-elementor-lightbox-title=\"0177_di2a8520\"><br \/>\n<\/a><br \/>\n<a href=\"https:\/\/almudenabulani.com\/wp-content\/uploads\/2022\/01\/0331_di2a8903.jpg\" data-elementor-open-lightbox=\"yes\" data-elementor-lightbox-slideshow=\"all-3ac11a9e\" data-elementor-lightbox-title=\"0331_di2a8903\"><br \/>\n<\/a><br \/>\n<a href=\"https:\/\/almudenabulani.com\/wp-content\/uploads\/2022\/01\/0143_di2a8314.jpg\" data-elementor-open-lightbox=\"yes\" data-elementor-lightbox-slideshow=\"all-3ac11a9e\" data-elementor-lightbox-title=\"0143_di2a8314\"><br \/>\n<\/a><br \/>\n<a href=\"https:\/\/almudenabulani.com\/wp-content\/uploads\/2022\/01\/0615_di2a1189.jpg\" data-elementor-open-lightbox=\"yes\" data-elementor-lightbox-slideshow=\"all-3ac11a9e\" data-elementor-lightbox-title=\"0615_di2a1189\"><br \/>\n<\/a><br \/>\n<a href=\"https:\/\/almudenabulani.com\/wp-content\/uploads\/2022\/01\/0387_img_2902.jpg\" data-elementor-open-lightbox=\"yes\" data-elementor-lightbox-slideshow=\"all-3ac11a9e\" data-elementor-lightbox-title=\"0387_img_2902\"><br \/>\n<\/a><br \/>\n<a href=\"https:\/\/almudenabulani.com\/wp-content\/uploads\/2022\/01\/0327_img_1874.jpg\" data-elementor-open-lightbox=\"yes\" data-elementor-lightbox-slideshow=\"all-3ac11a9e\" data-elementor-lightbox-title=\"0327_img_1874\"><br \/>\n<\/a><br \/>\n<a href=\"https:\/\/almudenabulani.com\/wp-content\/uploads\/2022\/01\/0352_img_1930.jpg\" data-elementor-open-lightbox=\"yes\" data-elementor-lightbox-slideshow=\"all-3ac11a9e\" data-elementor-lightbox-title=\"0352_img_1930\"><br \/>\n<\/a><br \/>\n<a href=\"https:\/\/almudenabulani.com\/wp-content\/uploads\/2022\/01\/0337_di2a8935.jpg\" data-elementor-open-lightbox=\"yes\" data-elementor-lightbox-slideshow=\"all-3ac11a9e\" data-elementor-lightbox-title=\"0337_di2a8935\"><br \/>\n<\/a><br \/>\n<a href=\"https:\/\/almudenabulani.com\/wp-content\/uploads\/2022\/01\/0392_img_2028.jpg\" data-elementor-open-lightbox=\"yes\" data-elementor-lightbox-slideshow=\"all-3ac11a9e\" data-elementor-lightbox-title=\"0392_img_2028\"><br \/>\n<\/a><br \/>\n<a href=\"https:\/\/almudenabulani.com\/wp-content\/uploads\/2022\/01\/0395_img_2030.jpg\" data-elementor-open-lightbox=\"yes\" data-elementor-lightbox-slideshow=\"all-3ac11a9e\" data-elementor-lightbox-title=\"0395_img_2030\"><br \/>\n<\/a><br \/>\n<a href=\"https:\/\/almudenabulani.com\/wp-content\/uploads\/2022\/01\/0401_di2a9251.jpg\" data-elementor-open-lightbox=\"yes\" data-elementor-lightbox-slideshow=\"all-3ac11a9e\" data-elementor-lightbox-title=\"0401_di2a9251\"><br \/>\n<\/a><br \/>\n<a href=\"https:\/\/almudenabulani.com\/wp-content\/uploads\/2022\/01\/0347_img_1917.jpg\" data-elementor-open-lightbox=\"yes\" data-elementor-lightbox-slideshow=\"all-3ac11a9e\" data-elementor-lightbox-title=\"0347_img_1917\"><br \/>\n<\/a><br \/>\n<a href=\"https:\/\/almudenabulani.com\/wp-content\/uploads\/2022\/01\/0049_di2a7671.jpg\" data-elementor-open-lightbox=\"yes\" data-elementor-lightbox-slideshow=\"all-3ac11a9e\" data-elementor-lightbox-title=\"0049_di2a7671\"><br \/>\n<\/a><br \/>\n<a href=\"https:\/\/almudenabulani.com\/wp-content\/uploads\/2022\/01\/0402_img_2068.jpg\" data-elementor-open-lightbox=\"yes\" data-elementor-lightbox-slideshow=\"all-3ac11a9e\" data-elementor-lightbox-title=\"0402_img_2068\"><br \/>\n<\/a><br \/>\n<a href=\"https:\/\/almudenabulani.com\/wp-content\/uploads\/2022\/01\/0384_img_2009.jpg\" data-elementor-open-lightbox=\"yes\" data-elementor-lightbox-slideshow=\"all-3ac11a9e\" data-elementor-lightbox-title=\"0384_img_2009\"><br \/>\n<\/a><br \/>\n<a href=\"https:\/\/almudenabulani.com\/wp-content\/uploads\/2022\/01\/0093_img_2216.jpg\" data-elementor-open-lightbox=\"yes\" data-elementor-lightbox-slideshow=\"all-3ac11a9e\" data-elementor-lightbox-title=\"0093_img_2216\"><br \/>\n<\/a><br \/>\n<a href=\"https:\/\/almudenabulani.com\/wp-content\/uploads\/2022\/01\/0440_di2a9404.jpg\" data-elementor-open-lightbox=\"yes\" data-elementor-lightbox-slideshow=\"all-3ac11a9e\" data-elementor-lightbox-title=\"0440_di2a9404\"><br \/>\n<\/a><br \/>\n<a href=\"https:\/\/almudenabulani.com\/wp-content\/uploads\/2022\/01\/0699_img_3524.jpg\" data-elementor-open-lightbox=\"yes\" data-elementor-lightbox-slideshow=\"all-3ac11a9e\" data-elementor-lightbox-title=\"0699_img_3524\"><br \/>\n<\/a><br \/>\n<a href=\"https:\/\/almudenabulani.com\/wp-content\/uploads\/2022\/01\/0588_di2a0869.jpg\" data-elementor-open-lightbox=\"yes\" data-elementor-lightbox-slideshow=\"all-3ac11a9e\" data-elementor-lightbox-title=\"0588_di2a0869\"><br \/>\n<\/a><br \/>\n<a href=\"https:\/\/almudenabulani.com\/wp-content\/uploads\/2022\/01\/0712_img_2653.jpg\" data-elementor-open-lightbox=\"yes\" data-elementor-lightbox-slideshow=\"all-3ac11a9e\" data-elementor-lightbox-title=\"0712_img_2653\"><br \/>\n<\/a><br \/>\n<a href=\"https:\/\/almudenabulani.com\/wp-content\/uploads\/2022\/01\/0478_img_2209.jpg\" data-elementor-open-lightbox=\"yes\" data-elementor-lightbox-slideshow=\"all-3ac11a9e\" data-elementor-lightbox-title=\"0478_img_2209\"><br \/>\n<\/a><br \/>\n<a href=\"https:\/\/almudenabulani.com\/wp-content\/uploads\/2022\/01\/0152_img_2419.jpg\" data-elementor-open-lightbox=\"yes\" data-elementor-lightbox-slideshow=\"all-3ac11a9e\" data-elementor-lightbox-title=\"0152_img_2419\"><br \/>\n<\/a><br \/>\n<a href=\"https:\/\/almudenabulani.com\/wp-content\/uploads\/2022\/01\/0475_di2a9767.jpg\" data-elementor-open-lightbox=\"yes\" data-elementor-lightbox-slideshow=\"all-3ac11a9e\" data-elementor-lightbox-title=\"0475_di2a9767\"><br \/>\n<\/a><br \/>\n<a href=\"https:\/\/almudenabulani.com\/wp-content\/uploads\/2022\/01\/0719_img_2671.jpg\" data-elementor-open-lightbox=\"yes\" data-elementor-lightbox-slideshow=\"all-3ac11a9e\" data-elementor-lightbox-title=\"0719_img_2671\"><br \/>\n<\/a><br \/>\n<a href=\"https:\/\/almudenabulani.com\/wp-content\/uploads\/2022\/01\/0409_img_2079.jpg\" data-elementor-open-lightbox=\"yes\" data-elementor-lightbox-slideshow=\"all-3ac11a9e\" data-elementor-lightbox-title=\"0409_img_2079\"><br \/>\n<\/a><br \/>\n<a href=\"https:\/\/almudenabulani.com\/wp-content\/uploads\/2022\/01\/0437_img_2982.jpg\" data-elementor-open-lightbox=\"yes\" data-elementor-lightbox-slideshow=\"all-3ac11a9e\" data-elementor-lightbox-title=\"0437_img_2982\"><br \/>\n<\/a><br \/>\n<a href=\"https:\/\/almudenabulani.com\/wp-content\/uploads\/2022\/01\/0336_di2a8931.jpg\" data-elementor-open-lightbox=\"yes\" data-elementor-lightbox-slideshow=\"all-3ac11a9e\" data-elementor-lightbox-title=\"0336_di2a8931\"><br \/>\n<\/a><br \/>\n<a href=\"https:\/\/almudenabulani.com\/wp-content\/uploads\/2022\/01\/0115_img_1434.jpg\" data-elementor-open-lightbox=\"yes\" data-elementor-lightbox-slideshow=\"all-3ac11a9e\" data-elementor-lightbox-title=\"0115_img_1434\"><br \/>\n<\/a><br \/>\n<a href=\"https:\/\/almudenabulani.com\/wp-content\/uploads\/2022\/01\/0323_img_1864.jpg\" data-elementor-open-lightbox=\"yes\" data-elementor-lightbox-slideshow=\"all-3ac11a9e\" data-elementor-lightbox-title=\"0323_img_1864\"><br \/>\n<\/a><br \/>\n<a href=\"https:\/\/almudenabulani.com\/wp-content\/uploads\/2022\/01\/0314_img_2870.jpg\" data-elementor-open-lightbox=\"yes\" data-elementor-lightbox-slideshow=\"all-3ac11a9e\" data-elementor-lightbox-title=\"0314_img_2870\"><br \/>\n<\/a><br \/>\n<a href=\"https:\/\/almudenabulani.com\/wp-content\/uploads\/2022\/01\/0272_img_1728.jpg\" data-elementor-open-lightbox=\"yes\" data-elementor-lightbox-slideshow=\"all-3ac11a9e\" data-elementor-lightbox-title=\"0272_img_1728\"><br \/>\n<\/a><br \/>\n<a href=\"https:\/\/almudenabulani.com\/wp-content\/uploads\/2022\/01\/0433_img_2971.jpg\" data-elementor-open-lightbox=\"yes\" data-elementor-lightbox-slideshow=\"all-3ac11a9e\" data-elementor-lightbox-title=\"0433_img_2971\"><br \/>\n<\/a><br \/>\n<a href=\"https:\/\/almudenabulani.com\/wp-content\/uploads\/2022\/01\/0370_img_1976.jpg\" data-elementor-open-lightbox=\"yes\" data-elementor-lightbox-slideshow=\"all-3ac11a9e\" data-elementor-lightbox-title=\"0370_img_1976\"><br \/>\n<\/a><br \/>\n<a href=\"https:\/\/almudenabulani.com\/wp-content\/uploads\/2022\/01\/0132_img_1442.jpg\" data-elementor-open-lightbox=\"yes\" data-elementor-lightbox-slideshow=\"all-3ac11a9e\" data-elementor-lightbox-title=\"0132_img_1442\"><br \/>\n<\/a><br \/>\n<a href=\"https:\/\/almudenabulani.com\/wp-content\/uploads\/2022\/01\/0694_img_2592.jpg\" data-elementor-open-lightbox=\"yes\" data-elementor-lightbox-slideshow=\"all-3ac11a9e\" data-elementor-lightbox-title=\"0694_img_2592\"><br \/>\n<\/a><br \/>\n<a href=\"https:\/\/almudenabulani.com\/wp-content\/uploads\/2022\/01\/0399_img_2922.jpg\" data-elementor-open-lightbox=\"yes\" data-elementor-lightbox-slideshow=\"all-3ac11a9e\" data-elementor-lightbox-title=\"0399_img_2922\"><br \/>\n<\/a><br \/>\n<a href=\"https:\/\/almudenabulani.com\/wp-content\/uploads\/2022\/01\/0418_img_2131.jpg\" data-elementor-open-lightbox=\"yes\" data-elementor-lightbox-slideshow=\"all-3ac11a9e\" data-elementor-lightbox-title=\"0418_img_2131\"><br \/>\n<\/a><br \/>\n<a href=\"https:\/\/almudenabulani.com\/wp-content\/uploads\/2022\/01\/0137_di2a8294.jpg\" data-elementor-open-lightbox=\"yes\" data-elementor-lightbox-slideshow=\"all-3ac11a9e\" data-elementor-lightbox-title=\"0137_di2a8294\"><br \/>\n<\/a><\/p>","protected":false},"excerpt":{"rendered":"<p>ANABEL Y DAVID boda en el para\u00edso San Jos\u00e9 (Almer\u00eda) Fotograf\u00eda:\u00a0 Eloy Mu\u00f1oz\u00a0 \/\/ \u00a0Video: Mr Philm\u00a0 \/\/ \u00a0Florista: Carolina Bouquet \/\/ Catering: La Borraja \/\/ Tarta: Lussocake \/\/<\/p>","protected":false},"author":1,"featured_media":0,"parent":0,"menu_order":0,"comment_status":"closed","ping_status":"closed","template":"","meta":{"iawp_total_views":33,"footnotes":""},"class_list":["post-621","page","type-page","status-publish","hentry"],"_links":{"self":[{"href":"https:\/\/almudenabulani.com\/en\/wp-json\/wp\/v2\/pages\/621","targetHints":{"allow":["GET"]}}],"collection":[{"href":"https:\/\/almudenabulani.com\/en\/wp-json\/wp\/v2\/pages"}],"about":[{"href":"https:\/\/almudenabulani.com\/en\/wp-json\/wp\/v2\/types\/page"}],"author":[{"embeddable":true,"href":"https:\/\/almudenabulani.com\/en\/wp-json\/wp\/v2\/users\/1"}],"replies":[{"embeddable":true,"href":"https:\/\/almudenabulani.com\/en\/wp-json\/wp\/v2\/comments?post=621"}],"version-history":[{"count":0,"href":"https:\/\/almudenabulani.com\/en\/wp-json\/wp\/v2\/pages\/621\/revisions"}],"wp:attachment":[{"href":"https:\/\/almudenabulani.com\/en\/wp-json\/wp\/v2\/media?parent=621"}],"curies":[{"name":"wp","href":"https:\/\/api.w.org\/{rel}","templated":true}]}}