{"id":731,"date":"2019-01-19T00:30:06","date_gmt":"2019-01-19T00:30:06","guid":{"rendered":"https:\/\/almudenabulani.com\/?page_id=731"},"modified":"2019-01-19T00:30:06","modified_gmt":"2019-01-19T00:30:06","slug":"rustic-wedding","status":"publish","type":"page","link":"https:\/\/almudenabulani.com\/en\/rustic-wedding\/","title":{"rendered":"Rustic Wedding - Bridie and Duncan"},"content":{"rendered":"<p><img loading=\"lazy\" decoding=\"async\" width=\"1920\" height=\"1080\" src=\"https:\/\/almudenabulani.com\/wp-content\/uploads\/2019\/01\/boda-ronda.jpg\" alt=\"\"><\/p>\n<h6 id=\"fancy-title-6\">BRIDIE AND DUNCAN<\/h6>\n<h2>rustic wedding<\/h2>\n<h6>ronda (M\u00e1laga)<\/h6>\n<p>Photograph:&nbsp; <a href=\"http:\/\/www.cristinaruizfoto.com\/\" target=\"_blank\" rel=\"noopener\">Cristina Ruiz<\/a> &nbsp;\/\/ Florist: La Rosa de Ronda<\/p>\n<p><a href=\"https:\/\/almudenabulani.com\/wp-content\/uploads\/2022\/01\/ronda-682.jpg\" data-elementor-open-lightbox=\"yes\" data-elementor-lightbox-slideshow=\"all-6b9cd724\" data-elementor-lightbox-title=\"ronda-682\"><br \/>\n<\/a><br \/>\n<a href=\"https:\/\/almudenabulani.com\/wp-content\/uploads\/2022\/01\/ronda-444.jpg\" data-elementor-open-lightbox=\"yes\" data-elementor-lightbox-slideshow=\"all-6b9cd724\" data-elementor-lightbox-title=\"ronda-444\"><br \/>\n<\/a><br \/>\n<a href=\"https:\/\/almudenabulani.com\/wp-content\/uploads\/2022\/01\/ronda-600.jpg\" data-elementor-open-lightbox=\"yes\" data-elementor-lightbox-slideshow=\"all-6b9cd724\" data-elementor-lightbox-title=\"ronda-600\"><br \/>\n<\/a><br \/>\n<a href=\"https:\/\/almudenabulani.com\/wp-content\/uploads\/2022\/01\/ronda-382.jpg\" data-elementor-open-lightbox=\"yes\" data-elementor-lightbox-slideshow=\"all-6b9cd724\" data-elementor-lightbox-title=\"ronda-382\"><br \/>\n<\/a><br \/>\n<a href=\"https:\/\/almudenabulani.com\/wp-content\/uploads\/2022\/01\/ronda-9.jpg\" data-elementor-open-lightbox=\"yes\" data-elementor-lightbox-slideshow=\"all-6b9cd724\" data-elementor-lightbox-title=\"ronda-9\"><br \/>\n<\/a><br \/>\n<a href=\"https:\/\/almudenabulani.com\/wp-content\/uploads\/2022\/01\/ronda-727.jpg\" data-elementor-open-lightbox=\"yes\" data-elementor-lightbox-slideshow=\"all-6b9cd724\" data-elementor-lightbox-title=\"ronda-727\"><br \/>\n<\/a><br \/>\n<a href=\"https:\/\/almudenabulani.com\/wp-content\/uploads\/2022\/01\/ronda-984.jpg\" data-elementor-open-lightbox=\"yes\" data-elementor-lightbox-slideshow=\"all-6b9cd724\" data-elementor-lightbox-title=\"ronda-984\"><br \/>\n<\/a><br \/>\n<a href=\"https:\/\/almudenabulani.com\/wp-content\/uploads\/2022\/01\/ronda-932.jpg\" data-elementor-open-lightbox=\"yes\" data-elementor-lightbox-slideshow=\"all-6b9cd724\" data-elementor-lightbox-title=\"ronda-932\"><br \/>\n<\/a><br \/>\n<a href=\"https:\/\/almudenabulani.com\/wp-content\/uploads\/2022\/01\/ronda-841.jpg\" data-elementor-open-lightbox=\"yes\" data-elementor-lightbox-slideshow=\"all-6b9cd724\" data-elementor-lightbox-title=\"ronda-841\"><br \/>\n<\/a><br \/>\n<a href=\"https:\/\/almudenabulani.com\/wp-content\/uploads\/2022\/01\/ronda-853.jpg\" data-elementor-open-lightbox=\"yes\" data-elementor-lightbox-slideshow=\"all-6b9cd724\" data-elementor-lightbox-title=\"ronda-853\"><br \/>\n<\/a><br \/>\n<a href=\"https:\/\/almudenabulani.com\/wp-content\/uploads\/2022\/01\/ronda-855.jpg\" data-elementor-open-lightbox=\"yes\" data-elementor-lightbox-slideshow=\"all-6b9cd724\" data-elementor-lightbox-title=\"ronda-855\"><br \/>\n<\/a><br \/>\n<a href=\"https:\/\/almudenabulani.com\/wp-content\/uploads\/2022\/01\/ronda-660.jpg\" data-elementor-open-lightbox=\"yes\" data-elementor-lightbox-slideshow=\"all-6b9cd724\" data-elementor-lightbox-title=\"ronda-660\"><br \/>\n<\/a><br \/>\n<a href=\"https:\/\/almudenabulani.com\/wp-content\/uploads\/2022\/01\/ronda-429.jpg\" data-elementor-open-lightbox=\"yes\" data-elementor-lightbox-slideshow=\"all-6b9cd724\" data-elementor-lightbox-title=\"ronda-429\"><br \/>\n<\/a><br \/>\n<a href=\"https:\/\/almudenabulani.com\/wp-content\/uploads\/2022\/01\/ronda-4.jpg\" data-elementor-open-lightbox=\"yes\" data-elementor-lightbox-slideshow=\"all-6b9cd724\" data-elementor-lightbox-title=\"ronda-4\"><br \/>\n<\/a><br \/>\n<a href=\"https:\/\/almudenabulani.com\/wp-content\/uploads\/2022\/01\/ronda-891.jpg\" data-elementor-open-lightbox=\"yes\" data-elementor-lightbox-slideshow=\"all-6b9cd724\" data-elementor-lightbox-title=\"ronda-891\"><br \/>\n<\/a><br \/>\n<a href=\"https:\/\/almudenabulani.com\/wp-content\/uploads\/2022\/01\/ronda-1003.jpg\" data-elementor-open-lightbox=\"yes\" data-elementor-lightbox-slideshow=\"all-6b9cd724\" data-elementor-lightbox-title=\"ronda-1003\"><br \/>\n<\/a><br \/>\n<a href=\"https:\/\/almudenabulani.com\/wp-content\/uploads\/2022\/01\/ronda-384.jpg\" data-elementor-open-lightbox=\"yes\" data-elementor-lightbox-slideshow=\"all-6b9cd724\" data-elementor-lightbox-title=\"ronda-384\"><br \/>\n<\/a><br \/>\n<a href=\"https:\/\/almudenabulani.com\/wp-content\/uploads\/2022\/01\/ronda-1046.jpg\" data-elementor-open-lightbox=\"yes\" data-elementor-lightbox-slideshow=\"all-6b9cd724\" data-elementor-lightbox-title=\"ronda-1046\"><br \/>\n<\/a><br \/>\n<a href=\"https:\/\/almudenabulani.com\/wp-content\/uploads\/2022\/01\/ronda-2.jpg\" data-elementor-open-lightbox=\"yes\" data-elementor-lightbox-slideshow=\"all-6b9cd724\" data-elementor-lightbox-title=\"ronda-2\"><br \/>\n<\/a><br \/>\n<a href=\"https:\/\/almudenabulani.com\/wp-content\/uploads\/2022\/01\/ronda-654.jpg\" data-elementor-open-lightbox=\"yes\" data-elementor-lightbox-slideshow=\"all-6b9cd724\" data-elementor-lightbox-title=\"ronda-654\"><br \/>\n<\/a><br \/>\n<a href=\"https:\/\/almudenabulani.com\/wp-content\/uploads\/2022\/01\/ronda-1117.jpg\" data-elementor-open-lightbox=\"yes\" data-elementor-lightbox-slideshow=\"all-6b9cd724\" data-elementor-lightbox-title=\"ronda-1117\"><br \/>\n<\/a><br \/>\n<a href=\"https:\/\/almudenabulani.com\/wp-content\/uploads\/2022\/01\/ronda-584.jpg\" data-elementor-open-lightbox=\"yes\" data-elementor-lightbox-slideshow=\"all-6b9cd724\" data-elementor-lightbox-title=\"ronda-584\"><br \/>\n<\/a><br \/>\n<a href=\"https:\/\/almudenabulani.com\/wp-content\/uploads\/2022\/01\/ronda-832.jpg\" data-elementor-open-lightbox=\"yes\" data-elementor-lightbox-slideshow=\"all-6b9cd724\" data-elementor-lightbox-title=\"ronda-832\"><br \/>\n<\/a><br \/>\n<a href=\"https:\/\/almudenabulani.com\/wp-content\/uploads\/2022\/01\/ronda-8.jpg\" data-elementor-open-lightbox=\"yes\" data-elementor-lightbox-slideshow=\"all-6b9cd724\" data-elementor-lightbox-title=\"ronda-8\"><br \/>\n<\/a><br \/>\n<a href=\"https:\/\/almudenabulani.com\/wp-content\/uploads\/2022\/01\/ronda-629.jpg\" data-elementor-open-lightbox=\"yes\" data-elementor-lightbox-slideshow=\"all-6b9cd724\" data-elementor-lightbox-title=\"ronda-629\"><br \/>\n<\/a><br \/>\n<a href=\"https:\/\/almudenabulani.com\/wp-content\/uploads\/2022\/01\/ronda-159.jpg\" data-elementor-open-lightbox=\"yes\" data-elementor-lightbox-slideshow=\"all-6b9cd724\" data-elementor-lightbox-title=\"ronda-159\"><br \/>\n<\/a><br \/>\n<a href=\"https:\/\/almudenabulani.com\/wp-content\/uploads\/2022\/01\/ronda-1012.jpg\" data-elementor-open-lightbox=\"yes\" data-elementor-lightbox-slideshow=\"all-6b9cd724\" data-elementor-lightbox-title=\"ronda-1012\"><br \/>\n<\/a><br \/>\n<a href=\"https:\/\/almudenabulani.com\/wp-content\/uploads\/2022\/01\/ronda-728.jpg\" data-elementor-open-lightbox=\"yes\" data-elementor-lightbox-slideshow=\"all-6b9cd724\" data-elementor-lightbox-title=\"ronda-728\"><br \/>\n<\/a><br \/>\n<a href=\"https:\/\/almudenabulani.com\/wp-content\/uploads\/2022\/01\/ronda-89.jpg\" data-elementor-open-lightbox=\"yes\" data-elementor-lightbox-slideshow=\"all-6b9cd724\" data-elementor-lightbox-title=\"ronda-89\"><br \/>\n<\/a><br \/>\n<a href=\"https:\/\/almudenabulani.com\/wp-content\/uploads\/2022\/01\/ronda-637.jpg\" data-elementor-open-lightbox=\"yes\" data-elementor-lightbox-slideshow=\"all-6b9cd724\" data-elementor-lightbox-title=\"ronda-637\"><br \/>\n<\/a><br \/>\n<a href=\"https:\/\/almudenabulani.com\/wp-content\/uploads\/2022\/01\/ronda-1011.jpg\" data-elementor-open-lightbox=\"yes\" data-elementor-lightbox-slideshow=\"all-6b9cd724\" data-elementor-lightbox-title=\"ronda-1011\"><br \/>\n<\/a><br \/>\n<a href=\"https:\/\/almudenabulani.com\/wp-content\/uploads\/2022\/01\/ronda-843.jpg\" data-elementor-open-lightbox=\"yes\" data-elementor-lightbox-slideshow=\"all-6b9cd724\" data-elementor-lightbox-title=\"ronda-843\"><br \/>\n<\/a><br \/>\n<a href=\"https:\/\/almudenabulani.com\/wp-content\/uploads\/2022\/01\/ronda-1004.jpg\" data-elementor-open-lightbox=\"yes\" data-elementor-lightbox-slideshow=\"all-6b9cd724\" data-elementor-lightbox-title=\"ronda-1004\"><br \/>\n<\/a><br \/>\n<a href=\"https:\/\/almudenabulani.com\/wp-content\/uploads\/2022\/01\/ronda-373.jpg\" data-elementor-open-lightbox=\"yes\" data-elementor-lightbox-slideshow=\"all-6b9cd724\" data-elementor-lightbox-title=\"ronda-373\"><br \/>\n<\/a><br \/>\n<a href=\"https:\/\/almudenabulani.com\/wp-content\/uploads\/2022\/01\/ronda-388.jpg\" data-elementor-open-lightbox=\"yes\" data-elementor-lightbox-slideshow=\"all-6b9cd724\" data-elementor-lightbox-title=\"ronda-388\"><br \/>\n<\/a><br \/>\n<a href=\"https:\/\/almudenabulani.com\/wp-content\/uploads\/2022\/01\/ronda-828.jpg\" data-elementor-open-lightbox=\"yes\" data-elementor-lightbox-slideshow=\"all-6b9cd724\" data-elementor-lightbox-title=\"ronda-828\"><br \/>\n<\/a><br \/>\n<a href=\"https:\/\/almudenabulani.com\/wp-content\/uploads\/2022\/01\/ronda-425.jpg\" data-elementor-open-lightbox=\"yes\" data-elementor-lightbox-slideshow=\"all-6b9cd724\" data-elementor-lightbox-title=\"ronda-425\"><br \/>\n<\/a><br \/>\n<a href=\"https:\/\/almudenabulani.com\/wp-content\/uploads\/2022\/01\/ronda-136.jpg\" data-elementor-open-lightbox=\"yes\" data-elementor-lightbox-slideshow=\"all-6b9cd724\" data-elementor-lightbox-title=\"ronda-136\"><br \/>\n<\/a><br \/>\n<a href=\"https:\/\/almudenabulani.com\/wp-content\/uploads\/2022\/01\/ronda-501.jpg\" data-elementor-open-lightbox=\"yes\" data-elementor-lightbox-slideshow=\"all-6b9cd724\" data-elementor-lightbox-title=\"ronda-501\"><br \/>\n<\/a><br \/>\n<a href=\"https:\/\/almudenabulani.com\/wp-content\/uploads\/2022\/01\/ronda-386.jpg\" data-elementor-open-lightbox=\"yes\" data-elementor-lightbox-slideshow=\"all-6b9cd724\" data-elementor-lightbox-title=\"ronda-386\"><br \/>\n<\/a><br \/>\n<a href=\"https:\/\/almudenabulani.com\/wp-content\/uploads\/2022\/01\/ronda-463.jpg\" data-elementor-open-lightbox=\"yes\" data-elementor-lightbox-slideshow=\"all-6b9cd724\" data-elementor-lightbox-title=\"ronda-463\"><br \/>\n<\/a><br \/>\n<a href=\"https:\/\/almudenabulani.com\/wp-content\/uploads\/2022\/01\/ronda-379.jpg\" data-elementor-open-lightbox=\"yes\" data-elementor-lightbox-slideshow=\"all-6b9cd724\" data-elementor-lightbox-title=\"ronda-379\"><br \/>\n<\/a><br \/>\n<a href=\"https:\/\/almudenabulani.com\/wp-content\/uploads\/2022\/01\/ronda-474.jpg\" data-elementor-open-lightbox=\"yes\" data-elementor-lightbox-slideshow=\"all-6b9cd724\" data-elementor-lightbox-title=\"ronda-474\"><br \/>\n<\/a><br \/>\n<a href=\"https:\/\/almudenabulani.com\/wp-content\/uploads\/2022\/01\/ronda-19.jpg\" data-elementor-open-lightbox=\"yes\" data-elementor-lightbox-slideshow=\"all-6b9cd724\" data-elementor-lightbox-title=\"ronda-19\"><br \/>\n<\/a><br \/>\n<a href=\"https:\/\/almudenabulani.com\/wp-content\/uploads\/2022\/01\/ronda-376.jpg\" data-elementor-open-lightbox=\"yes\" data-elementor-lightbox-slideshow=\"all-6b9cd724\" data-elementor-lightbox-title=\"ronda-376\"><br \/>\n<\/a><br \/>\n<a href=\"https:\/\/almudenabulani.com\/wp-content\/uploads\/2022\/01\/ronda-679.jpg\" data-elementor-open-lightbox=\"yes\" data-elementor-lightbox-slideshow=\"all-6b9cd724\" data-elementor-lightbox-title=\"ronda-679\"><br \/>\n<\/a><br \/>\n<a href=\"https:\/\/almudenabulani.com\/wp-content\/uploads\/2022\/01\/ronda-185.jpg\" data-elementor-open-lightbox=\"yes\" data-elementor-lightbox-slideshow=\"all-6b9cd724\" data-elementor-lightbox-title=\"ronda-185\"><br \/>\n<\/a><br \/>\n<a href=\"https:\/\/almudenabulani.com\/wp-content\/uploads\/2022\/01\/ronda-695.jpg\" data-elementor-open-lightbox=\"yes\" data-elementor-lightbox-slideshow=\"all-6b9cd724\" data-elementor-lightbox-title=\"ronda-695\"><br \/>\n<\/a><\/p>","protected":false},"excerpt":{"rendered":"<p>BRIDIE Y DUNCAN boda r\u00fastica ronda (M\u00e1laga) Fotograf\u00eda:&nbsp; Cristina Ruiz &nbsp;\/\/ &nbsp;Florista: La Rosa de Ronda<\/p>","protected":false},"author":1,"featured_media":0,"parent":0,"menu_order":0,"comment_status":"closed","ping_status":"closed","template":"","meta":{"iawp_total_views":0,"footnotes":""},"class_list":["post-731","page","type-page","status-publish","hentry"],"_links":{"self":[{"href":"https:\/\/almudenabulani.com\/en\/wp-json\/wp\/v2\/pages\/731","targetHints":{"allow":["GET"]}}],"collection":[{"href":"https:\/\/almudenabulani.com\/en\/wp-json\/wp\/v2\/pages"}],"about":[{"href":"https:\/\/almudenabulani.com\/en\/wp-json\/wp\/v2\/types\/page"}],"author":[{"embeddable":true,"href":"https:\/\/almudenabulani.com\/en\/wp-json\/wp\/v2\/users\/1"}],"replies":[{"embeddable":true,"href":"https:\/\/almudenabulani.com\/en\/wp-json\/wp\/v2\/comments?post=731"}],"version-history":[{"count":0,"href":"https:\/\/almudenabulani.com\/en\/wp-json\/wp\/v2\/pages\/731\/revisions"}],"wp:attachment":[{"href":"https:\/\/almudenabulani.com\/en\/wp-json\/wp\/v2\/media?parent=731"}],"curies":[{"name":"wp","href":"https:\/\/api.w.org\/{rel}","templated":true}]}}